{"id":34,"date":"2025-12-10T14:05:25","date_gmt":"2025-12-10T14:05:25","guid":{"rendered":"https:\/\/cafecomtech.site\/?page_id=34"},"modified":"2026-01-16T12:43:14","modified_gmt":"2026-01-16T12:43:14","slug":"home","status":"publish","type":"page","link":"https:\/\/cafecomtech.site\/","title":{"rendered":"Home"},"content":{"rendered":"\t\t<div data-elementor-type=\"wp-page\" data-elementor-id=\"34\" class=\"elementor elementor-34\">\n\t\t\t\t<div class=\"elementor-element elementor-element-e047fa3 e-flex e-con-boxed wpr-particle-no wpr-jarallax-no wpr-parallax-no wpr-sticky-section-no wpr-equal-height-no e-con e-parent\" data-id=\"e047fa3\" data-element_type=\"container\" data-e-type=\"container\" data-settings=\"{&quot;background_background&quot;:&quot;slideshow&quot;,&quot;background_slideshow_gallery&quot;:[],&quot;background_slideshow_loop&quot;:&quot;yes&quot;,&quot;background_slideshow_slide_duration&quot;:5000,&quot;background_slideshow_slide_transition&quot;:&quot;fade&quot;,&quot;background_slideshow_transition_duration&quot;:500}\">\n\t\t\t\t\t<div class=\"e-con-inner\">\n\t\t\t\t<div class=\"elementor-element elementor-element-e4d7e30 elementor-widget__width-initial elementor-widget elementor-widget-heading\" data-id=\"e4d7e30\" data-element_type=\"widget\" data-e-type=\"widget\" data-widget_type=\"heading.default\">\n\t\t\t\t\t<h2 class=\"elementor-heading-title elementor-size-default\">Keek: solu\u00e7\u00f5es integradas\npara decis\u00f5es inteligentes.<\/h2>\t\t\t\t<\/div>\n\t\t\t\t<div class=\"elementor-element elementor-element-f2992bc elementor-widget__width-initial elementor-widget elementor-widget-heading\" data-id=\"f2992bc\" data-element_type=\"widget\" data-e-type=\"widget\" data-widget_type=\"heading.default\">\n\t\t\t\t\t<h2 class=\"elementor-heading-title elementor-size-default\">Somos uma aliada estrat\u00e9gica de marcas, institui\u00e7\u00f5es e governos que\nbuscam transformar neg\u00f3cios e decis\u00f5es por meio da gest\u00e3o inteligente\nde dados.<\/h2>\t\t\t\t<\/div>\n\t\t\t\t\t<\/div>\n\t\t\t\t<\/div>\n\t\t<div class=\"elementor-element elementor-element-054f34a e-flex e-con-boxed wpr-particle-no wpr-jarallax-no wpr-parallax-no wpr-sticky-section-no wpr-equal-height-no e-con e-parent\" data-id=\"054f34a\" data-element_type=\"container\" data-e-type=\"container\">\n\t\t\t\t\t<div class=\"e-con-inner\">\n\t\t\t\t\t<\/div>\n\t\t\t\t<\/div>\n\t\t\t\t<\/div>\n\t\t","protected":false},"excerpt":{"rendered":"<p>Keek: solu\u00e7\u00f5es integradas para decis\u00f5es inteligentes. Somos uma aliada estrat\u00e9gica de marcas, institui\u00e7\u00f5es e governos que buscam transformar neg\u00f3cios e decis\u00f5es por meio da gest\u00e3o inteligente de dados.<\/p>\n","protected":false},"author":1,"featured_media":0,"parent":0,"menu_order":0,"comment_status":"closed","ping_status":"closed","template":"elementor_header_footer","meta":{"footnotes":""},"class_list":["post-34","page","type-page","status-publish","hentry"],"_links":{"self":[{"href":"https:\/\/cafecomtech.site\/index.php\/wp-json\/wp\/v2\/pages\/34","targetHints":{"allow":["GET"]}}],"collection":[{"href":"https:\/\/cafecomtech.site\/index.php\/wp-json\/wp\/v2\/pages"}],"about":[{"href":"https:\/\/cafecomtech.site\/index.php\/wp-json\/wp\/v2\/types\/page"}],"author":[{"embeddable":true,"href":"https:\/\/cafecomtech.site\/index.php\/wp-json\/wp\/v2\/users\/1"}],"replies":[{"embeddable":true,"href":"https:\/\/cafecomtech.site\/index.php\/wp-json\/wp\/v2\/comments?post=34"}],"version-history":[{"count":4,"href":"https:\/\/cafecomtech.site\/index.php\/wp-json\/wp\/v2\/pages\/34\/revisions"}],"predecessor-version":[{"id":99,"href":"https:\/\/cafecomtech.site\/index.php\/wp-json\/wp\/v2\/pages\/34\/revisions\/99"}],"wp:attachment":[{"href":"https:\/\/cafecomtech.site\/index.php\/wp-json\/wp\/v2\/media?parent=34"}],"curies":[{"name":"wp","href":"https:\/\/api.w.org\/{rel}","templated":true}]}}